{"id":769,"date":"2015-08-26T14:00:53","date_gmt":"2015-08-26T12:00:53","guid":{"rendered":"http:\/\/wptest.urlaubsanfragen.com\/wordpress9\/en\/?page_id=769"},"modified":"2022-11-04T14:52:56","modified_gmt":"2022-11-04T13:52:56","slug":"ratings","status":"publish","type":"page","link":"https:\/\/www.edelweiss-lech.at\/en\/ratings\/","title":{"rendered":"Ratings"},"content":{"rendered":"[vc_row type=&#8221;full_width_background&#8221; full_screen_row_position=&#8221;middle&#8221; column_margin=&#8221;default&#8221; column_direction=&#8221;default&#8221; column_direction_tablet=&#8221;default&#8221; column_direction_phone=&#8221;default&#8221; scene_position=&#8221;center&#8221; text_color=&#8221;dark&#8221; text_align=&#8221;left&#8221; row_border_radius=&#8221;none&#8221; row_border_radius_applies=&#8221;bg&#8221; overflow=&#8221;visible&#8221; overlay_strength=&#8221;0.3&#8243; gradient_direction=&#8221;left_to_right&#8221; shape_divider_position=&#8221;bottom&#8221; bg_image_animation=&#8221;none&#8221;][vc_column column_padding=&#8221;no-extra-padding&#8221; column_padding_tablet=&#8221;inherit&#8221; column_padding_phone=&#8221;inherit&#8221; column_padding_position=&#8221;all&#8221; column_element_direction_desktop=&#8221;default&#8221; column_element_spacing=&#8221;default&#8221; desktop_text_alignment=&#8221;default&#8221; tablet_text_alignment=&#8221;default&#8221; phone_text_alignment=&#8221;default&#8221; background_color_opacity=&#8221;1&#8243; background_hover_color_opacity=&#8221;1&#8243; column_backdrop_filter=&#8221;none&#8221; column_shadow=&#8221;none&#8221; column_border_radius=&#8221;none&#8221; column_link_target=&#8221;_self&#8221; column_position=&#8221;default&#8221; gradient_direction=&#8221;left_to_right&#8221; overlay_strength=&#8221;0.3&#8243; width=&#8221;1\/1&#8243; tablet_width_inherit=&#8221;default&#8221; animation_type=&#8221;default&#8221; bg_image_animation=&#8221;none&#8221; border_type=&#8221;simple&#8221; column_border_width=&#8221;none&#8221; column_border_style=&#8221;solid&#8221;]<div  data-transition=\"slide\" data-overall_style=\"classic\" data-flexible-height=\"true\" data-animate-in-effect=\"none\" data-fullscreen=\"true\" data-button-sizing=\"regular\" data-button-styling=\"btn_with_count\" data-autorotate=\"\" data-parallax=\"false\" data-parallax-disable-mobile=\"\" data-caption-trans=\"fade_in_from_bottom\" data-parallax-style=\"bg_only\" data-bg-animation=\"none\" data-full-width=\"true\" class=\"nectar-slider-wrap \" id=\"nectar-slider-instance-1\"><div class=\"swiper-container\"  data-tho=\"auto\" data-tco=\"auto\" data-pho=\"auto\" data-pco=\"auto\" data-loop=\"false\" data-height=\"650\" data-min-height=\"\" data-arrows=\"true\" data-bullets=\"false\" data-bullet_style=\"see_through\" data-bullet_position=\"bottom\" data-desktop-swipe=\"false\" data-settings=\"\"> <div class=\"swiper-wrapper\"><div class=\"swiper-slide\" data-desktop-content-width=\"\" data-tablet-content-width=\"\" data-bg-alignment=\"center\" data-color-scheme=\"light\" data-x-pos=\"center\" data-y-pos=\"middle\" ><div class=\"slide-bg-wrap\"><div class=\"image-bg\" style=\"background-image: url(https:\/\/www.edelweiss-lech.at\/wp-8f779-content\/uploads\/Edelweiss_12-2017_16-e1525770516844.jpg);\"> &nbsp; <\/div><\/div><div class=\"video-texture \"> <span class=\"ie-fix\"><\/span> <\/div><\/div> <!--\/swiper-slide--><\/div><div class=\"nectar-slider-loading \"> <span class=\"loading-icon none\">   <\/span> <\/div> <\/div> \n\t\t\t\t\t\n\t\t\t\t\t<\/div>[\/vc_column][\/vc_row][vc_row type=&#8221;full_width_background&#8221; full_screen_row_position=&#8221;middle&#8221; column_margin=&#8221;default&#8221; column_direction=&#8221;default&#8221; column_direction_tablet=&#8221;default&#8221; column_direction_phone=&#8221;default&#8221; bg_color=&#8221;#ab9b7f&#8221; scene_position=&#8221;center&#8221; text_color=&#8221;dark&#8221; text_align=&#8221;left&#8221; row_border_radius=&#8221;none&#8221; row_border_radius_applies=&#8221;bg&#8221; overflow=&#8221;visible&#8221; overlay_strength=&#8221;0.3&#8243; gradient_direction=&#8221;left_to_right&#8221; shape_divider_position=&#8221;bottom&#8221; bg_image_animation=&#8221;none&#8221;][vc_column column_padding=&#8221;no-extra-padding&#8221; column_padding_tablet=&#8221;inherit&#8221; column_padding_phone=&#8221;inherit&#8221; column_padding_position=&#8221;all&#8221; column_element_direction_desktop=&#8221;default&#8221; column_element_spacing=&#8221;default&#8221; desktop_text_alignment=&#8221;default&#8221; tablet_text_alignment=&#8221;default&#8221; phone_text_alignment=&#8221;default&#8221; background_color_opacity=&#8221;1&#8243; background_hover_color_opacity=&#8221;1&#8243; column_backdrop_filter=&#8221;none&#8221; column_shadow=&#8221;none&#8221; column_border_radius=&#8221;none&#8221; column_link_target=&#8221;_self&#8221; column_position=&#8221;default&#8221; gradient_direction=&#8221;left_to_right&#8221; overlay_strength=&#8221;0.3&#8243; width=&#8221;1\/1&#8243; tablet_width_inherit=&#8221;default&#8221; animation_type=&#8221;default&#8221; bg_image_animation=&#8221;none&#8221; border_type=&#8221;simple&#8221; column_border_width=&#8221;none&#8221; column_border_style=&#8221;solid&#8221;]<div role=\"form\" class=\"wpcf7\" id=\"wpcf7-f4-o1\" lang=\"de-DE\" dir=\"ltr\">\n<div class=\"screen-reader-response\"><p role=\"status\" aria-live=\"polite\" aria-atomic=\"true\"><\/p> <ul><\/ul><\/div>\n<form action=\"\/en\/wp-json\/wp\/v2\/pages\/769#wpcf7-f4-o1\" method=\"post\" class=\"wpcf7-form init\" novalidate=\"novalidate\" data-status=\"init\">\n<div style=\"display: none;\">\n<input type=\"hidden\" name=\"_wpcf7\" value=\"4\" \/>\n<input type=\"hidden\" name=\"_wpcf7_version\" value=\"5.6.4\" \/>\n<input type=\"hidden\" name=\"_wpcf7_locale\" value=\"de_DE\" \/>\n<input type=\"hidden\" name=\"_wpcf7_unit_tag\" value=\"wpcf7-f4-o1\" \/>\n<input type=\"hidden\" name=\"_wpcf7_container_post\" value=\"0\" \/>\n<input type=\"hidden\" name=\"_wpcf7_posted_data_hash\" value=\"\" \/>\n<\/div>\n<div class=\"short-inquiry\">\n<input type=\"hidden\" name=\"hidden-field-edl\" value=\"Room\" class=\"wpcf7-form-control wpcf7-hidden\" id=\"hidden-field-edl\" \/><br \/>\n<span id=\"wpcf7-69ea49f8a1cf3-wrapper\" class=\"wpcf7-form-control-wrap gfb-secret-wrap\" style=\"display:none !important; visibility:hidden !important;\"><input id=\"gfb-secret\"  class=\"wpcf7-form-control wpcf7-text gfb-secret\" type=\"text\" name=\"gfb-secret\" value=\"\" size=\"40\" tabindex=\"-1\" autocomplete=\"new-password\" \/><\/span><\/p>\n<table class=\"contact-form\">\n<tr>\n<td class=\"mobile-break\">\n<table class=\"contact-form\">\n<\/tr>\n<td class=\"contact-form-headline\"><strong>Hier geht\u2019s zu Ihrem Urlaub<\/strong><\/td>\n<td class=\"contact-form-arrival\"><strong class=\"mobile-header\">Anreise<\/strong><span class=\"wpcf7-form-control-wrap\" data-name=\"anreise\"><input type=\"text\" name=\"anreise\" value=\"\" size=\"40\" class=\"wpcf7-form-control wpcf7-text datepicker\" id=\"anreise-input\" aria-invalid=\"false\" placeholder=\"Anreise\" \/><\/span><\/td>\n<td class=\"contact-form-depart\"><strong class=\"mobile-header\">Abreise <\/strong><span class=\"wpcf7-form-control-wrap\" data-name=\"abreise\"><input type=\"text\" name=\"abreise\" value=\"\" size=\"40\" class=\"wpcf7-form-control wpcf7-text datepicker\" id=\"abreise-input\" aria-invalid=\"false\" placeholder=\"Abreise\" \/><\/span><\/td>\n<\/tr>\n<\/table>\n<\/td>\n<td class=\"mobile-break\">\n<table class=\"contact-form\">\n<\/tr>\n<td class=\"contact-form-btn\"><a href=\"#\" class=\"short-inquiry-btn\" data-request-de>Jetzt anfragen<\/a><\/td>\n<td class=\"contact-form-booking\"><a href=\"\/online-buchen\/\" class=\"short-booking-btn\" data-booking-de>Jetzt buchen<\/a><\/td>\n<td class=\"mobile-hide\"><\/td>\n<\/tr>\n<\/table>\n<\/td>\n<\/tr>\n<\/table>\n<\/div>\n<div class=\"wpcf7-response-output\" aria-hidden=\"true\"><\/div><\/form><\/div>[\/vc_column][\/vc_row][vc_row type=&#8221;in_container&#8221; full_screen_row_position=&#8221;middle&#8221; column_margin=&#8221;default&#8221; column_direction=&#8221;default&#8221; column_direction_tablet=&#8221;default&#8221; column_direction_phone=&#8221;default&#8221; scene_position=&#8221;center&#8221; top_padding=&#8221;30&#8243; text_color=&#8221;dark&#8221; text_align=&#8221;left&#8221; row_border_radius=&#8221;none&#8221; row_border_radius_applies=&#8221;bg&#8221; overflow=&#8221;visible&#8221; overlay_strength=&#8221;0.3&#8243; gradient_direction=&#8221;left_to_right&#8221; shape_divider_position=&#8221;bottom&#8221; bg_image_animation=&#8221;none&#8221;][vc_column column_padding=&#8221;no-extra-padding&#8221; column_padding_tablet=&#8221;inherit&#8221; column_padding_phone=&#8221;inherit&#8221; column_padding_position=&#8221;all&#8221; column_element_direction_desktop=&#8221;default&#8221; column_element_spacing=&#8221;default&#8221; desktop_text_alignment=&#8221;default&#8221; tablet_text_alignment=&#8221;default&#8221; phone_text_alignment=&#8221;default&#8221; background_color_opacity=&#8221;1&#8243; background_hover_color_opacity=&#8221;1&#8243; column_backdrop_filter=&#8221;none&#8221; column_shadow=&#8221;none&#8221; column_border_radius=&#8221;none&#8221; column_link_target=&#8221;_self&#8221; column_position=&#8221;default&#8221; gradient_direction=&#8221;left_to_right&#8221; overlay_strength=&#8221;0.3&#8243; width=&#8221;1\/1&#8243; tablet_width_inherit=&#8221;default&#8221; animation_type=&#8221;default&#8221; bg_image_animation=&#8221;none&#8221; border_type=&#8221;simple&#8221; column_border_width=&#8221;none&#8221; column_border_style=&#8221;solid&#8221;][vc_column_text]\n<h1 style=\"text-align: center;\">Was schreiben unsere G\u00e4ste in Hotelbewertungen<\/h1>\n<h2 style=\"text-align: center;\">Begeisterung und Anregung im Internet<\/h2>\n<p style=\"text-align: center;\">Auf der Bewertungsplattform Tripadvisor k\u00f6nnen Sie sich einen \u00dcberblick verschaffen, wie andere G\u00e4ste das Hotel Garni Edelweiss beurteilen. Auch f\u00fcr uns als Gastgeber sind die R\u00fcckmeldungen unserer G\u00e4ste \u00fcberaus wertvoll und ein wichtiger Faktor f\u00fcr die Weiterentwicklung. Daf\u00fcr ein herzliches Dankesch\u00f6n an unsere G\u00e4ste, die sich bei uns wohlf\u00fchlen und das andere wissen lassen.<\/p>\n[\/vc_column_text][\/vc_column][\/vc_row][vc_row type=&#8221;in_container&#8221; full_screen_row_position=&#8221;middle&#8221; column_margin=&#8221;default&#8221; column_direction=&#8221;default&#8221; column_direction_tablet=&#8221;default&#8221; column_direction_phone=&#8221;default&#8221; scene_position=&#8221;center&#8221; text_color=&#8221;dark&#8221; text_align=&#8221;left&#8221; row_border_radius=&#8221;none&#8221; row_border_radius_applies=&#8221;bg&#8221; overflow=&#8221;visible&#8221; overlay_strength=&#8221;0.3&#8243; gradient_direction=&#8221;left_to_right&#8221; shape_divider_position=&#8221;bottom&#8221; bg_image_animation=&#8221;none&#8221;][vc_column column_padding=&#8221;no-extra-padding&#8221; column_padding_tablet=&#8221;inherit&#8221; column_padding_phone=&#8221;inherit&#8221; column_padding_position=&#8221;all&#8221; column_element_direction_desktop=&#8221;default&#8221; column_element_spacing=&#8221;default&#8221; desktop_text_alignment=&#8221;default&#8221; tablet_text_alignment=&#8221;default&#8221; phone_text_alignment=&#8221;default&#8221; background_color_opacity=&#8221;1&#8243; background_hover_color_opacity=&#8221;1&#8243; column_backdrop_filter=&#8221;none&#8221; column_shadow=&#8221;none&#8221; column_border_radius=&#8221;none&#8221; column_link_target=&#8221;_self&#8221; column_position=&#8221;default&#8221; gradient_direction=&#8221;left_to_right&#8221; overlay_strength=&#8221;0.3&#8243; width=&#8221;1\/4&#8243; tablet_width_inherit=&#8221;default&#8221; animation_type=&#8221;default&#8221; bg_image_animation=&#8221;none&#8221; border_type=&#8221;simple&#8221; column_border_width=&#8221;none&#8221; column_border_style=&#8221;solid&#8221;][\/vc_column][vc_column column_padding=&#8221;no-extra-padding&#8221; column_padding_tablet=&#8221;inherit&#8221; column_padding_phone=&#8221;inherit&#8221; column_padding_position=&#8221;all&#8221; column_element_direction_desktop=&#8221;default&#8221; column_element_spacing=&#8221;default&#8221; centered_text=&#8221;true&#8221; desktop_text_alignment=&#8221;default&#8221; tablet_text_alignment=&#8221;default&#8221; phone_text_alignment=&#8221;default&#8221; background_color_opacity=&#8221;1&#8243; background_hover_color_opacity=&#8221;1&#8243; column_backdrop_filter=&#8221;none&#8221; column_shadow=&#8221;none&#8221; column_border_radius=&#8221;none&#8221; column_link_target=&#8221;_self&#8221; column_position=&#8221;default&#8221; gradient_direction=&#8221;left_to_right&#8221; overlay_strength=&#8221;0.3&#8243; width=&#8221;1\/2&#8243; tablet_width_inherit=&#8221;default&#8221; animation_type=&#8221;default&#8221; bg_image_animation=&#8221;none&#8221; border_type=&#8221;simple&#8221; column_border_width=&#8221;none&#8221; column_border_style=&#8221;solid&#8221;][vc_raw_html]PGRpdiBzdHlsZT0ibWFyZ2luOiAwIGF1dG8gIWltcG9ydGFudDsgd2lkdGg6IDQ3MHB4OyI+DQo8ZGl2IGlkPSJUQV9zZWxmc2VydmVwcm9wODc0IiBjbGFzcz0iVEFfc2VsZnNlcnZlcHJvcCI+DQo8dWwgaWQ9IlJ6b2k2QUpTTiIgY2xhc3M9IlRBX2xpbmtzIDRmYkdodCI+DQo8bGkgaWQ9IkplTjhKbkRwbEJ6cyIgY2xhc3M9IjduVjBHZyI+DQo8YSB0YXJnZXQ9Il9ibGFuayIgaHJlZj0iaHR0cDovL3d3dy50cmlwYWR2aXNvci5kZS8iPjxpbWcgc3JjPSJodHRwOi8vd3d3LnRyaXBhZHZpc29yLmRlL2ltZy9jZHNpL2ltZzIvYnJhbmRpbmcvMTUwX2xvZ28tMTE5MDAtMi5wbmciIGFsdD0iVHJpcEFkdmlzb3IiLz48L2E+DQo8L2xpPg0KPC91bD4NCjwvZGl2Pg0KPC9kaXY+DQo=[\/vc_raw_html][vc_raw_js]JTNDc2NyaXB0JTIwc3JjJTNEJTIyaHR0cCUzQSUyRiUyRnd3dy5qc2NhY2hlLmNvbSUyRndlanMlM0Z3dHlwZSUzRHNlbGZzZXJ2ZXByb3AlMjZhbXAlM0J1bmlxJTNEODc0JTI2YW1wJTNCbG9jYXRpb25JZCUzRDE1ODM0NjIlMjZhbXAlM0JsYW5nJTNEZGUlMjZhbXAlM0JyYXRpbmclM0R0cnVlJTI2YW1wJTNCbnJldmlld3MlM0Q0JTI2YW1wJTNCd3JpdGVyZXZpZXdsaW5rJTNEdHJ1ZSUyNmFtcCUzQnBvcElkeCUzRHRydWUlMjZhbXAlM0Jpc3dpZGUlM0R0cnVlJTI2YW1wJTNCYm9yZGVyJTNEZmFsc2UlMjZhbXAlM0JkaXNwbGF5X3ZlcnNpb24lM0QyJTIyJTNFJTNDJTJGc2NyaXB0JTNFJTBB[\/vc_raw_js][\/vc_column][vc_column column_padding=&#8221;no-extra-padding&#8221; column_padding_tablet=&#8221;inherit&#8221; column_padding_phone=&#8221;inherit&#8221; column_padding_position=&#8221;all&#8221; column_element_direction_desktop=&#8221;default&#8221; column_element_spacing=&#8221;default&#8221; desktop_text_alignment=&#8221;default&#8221; tablet_text_alignment=&#8221;default&#8221; phone_text_alignment=&#8221;default&#8221; background_color_opacity=&#8221;1&#8243; background_hover_color_opacity=&#8221;1&#8243; column_backdrop_filter=&#8221;none&#8221; column_shadow=&#8221;none&#8221; column_border_radius=&#8221;none&#8221; column_link_target=&#8221;_self&#8221; column_position=&#8221;default&#8221; gradient_direction=&#8221;left_to_right&#8221; overlay_strength=&#8221;0.3&#8243; width=&#8221;1\/4&#8243; tablet_width_inherit=&#8221;default&#8221; animation_type=&#8221;default&#8221; bg_image_animation=&#8221;none&#8221; border_type=&#8221;simple&#8221; column_border_width=&#8221;none&#8221; column_border_style=&#8221;solid&#8221;][\/vc_column][\/vc_row]\n","protected":false},"excerpt":{"rendered":"<p>[vc_row type=&#8221;full_width_background&#8221; full_screen_row_position=&#8221;middle&#8221; column_margin=&#8221;default&#8221; column_direction=&#8221;default&#8221; column_direction_tablet=&#8221;default&#8221; column_direction_phone=&#8221;default&#8221; scene_position=&#8221;center&#8221; text_color=&#8221;dark&#8221; text_align=&#8221;left&#8221; row_border_radius=&#8221;none&#8221; row_border_radius_applies=&#8221;bg&#8221; overflow=&#8221;visible&#8221; overlay_strength=&#8221;0.3&#8243; gradient_direction=&#8221;left_to_right&#8221; shape_divider_position=&#8221;bottom&#8221; bg_image_animation=&#8221;none&#8221;][vc_column column_padding=&#8221;no-extra-padding&#8221; column_padding_tablet=&#8221;inherit&#8221; column_padding_phone=&#8221;inherit&#8221; column_padding_position=&#8221;all&#8221; column_element_direction_desktop=&#8221;default&#8221; column_element_spacing=&#8221;default&#8221; desktop_text_alignment=&#8221;default&#8221; tablet_text_alignment=&#8221;default&#8221; phone_text_alignment=&#8221;default&#8221; background_color_opacity=&#8221;1&#8243; background_hover_color_opacity=&#8221;1&#8243; column_backdrop_filter=&#8221;none&#8221; column_shadow=&#8221;none&#8221;&#8230;<\/p>\n","protected":false},"author":6,"featured_media":0,"parent":0,"menu_order":0,"comment_status":"closed","ping_status":"closed","template":"","meta":[],"yoast_head":"<!-- This site is optimized with the Yoast SEO plugin v19.10 - https:\/\/yoast.com\/wordpress\/plugins\/seo\/ -->\n<title>Ratings Hotel Garni Edelweiss Lech<\/title>\n<meta name=\"description\" content=\"Read the latest guest ratings on Tripadvisor. This is what holiday guests think about the three-star Hotel Garni Edelweiss.\" \/>\n<meta name=\"robots\" content=\"index, follow, max-snippet:-1, max-image-preview:large, max-video-preview:-1\" \/>\n<link rel=\"canonical\" href=\"https:\/\/www.edelweiss-lech.at\/en\/ratings\/\" \/>\n<meta property=\"og:locale\" content=\"en_US\" \/>\n<meta property=\"og:type\" content=\"article\" \/>\n<meta property=\"og:title\" content=\"Ratings Hotel Garni Edelweiss Lech\" \/>\n<meta property=\"og:description\" content=\"Read the latest guest ratings on Tripadvisor. This is what holiday guests think about the three-star Hotel Garni Edelweiss.\" \/>\n<meta property=\"og:url\" content=\"https:\/\/www.edelweiss-lech.at\/en\/ratings\/\" \/>\n<meta property=\"og:site_name\" content=\"Hotel Lech am Arlberg\" \/>\n<meta property=\"article:modified_time\" content=\"2022-11-04T13:52:56+00:00\" \/>\n<meta name=\"twitter:card\" content=\"summary_large_image\" \/>\n<meta name=\"twitter:label1\" content=\"Est. reading time\" \/>\n\t<meta name=\"twitter:data1\" content=\"5 minutes\" \/>\n<script type=\"application\/ld+json\" class=\"yoast-schema-graph\">{\"@context\":\"https:\/\/schema.org\",\"@graph\":[{\"@type\":\"WebPage\",\"@id\":\"https:\/\/www.edelweiss-lech.at\/en\/ratings\/\",\"url\":\"https:\/\/www.edelweiss-lech.at\/en\/ratings\/\",\"name\":\"Ratings Hotel Garni Edelweiss Lech\",\"isPartOf\":{\"@id\":\"https:\/\/www.edelweiss-lech.at\/#website\"},\"datePublished\":\"2015-08-26T12:00:53+00:00\",\"dateModified\":\"2022-11-04T13:52:56+00:00\",\"description\":\"Read the latest guest ratings on Tripadvisor. This is what holiday guests think about the three-star Hotel Garni Edelweiss.\",\"breadcrumb\":{\"@id\":\"https:\/\/www.edelweiss-lech.at\/en\/ratings\/#breadcrumb\"},\"inLanguage\":\"en-US\",\"potentialAction\":[{\"@type\":\"ReadAction\",\"target\":[\"https:\/\/www.edelweiss-lech.at\/en\/ratings\/\"]}]},{\"@type\":\"BreadcrumbList\",\"@id\":\"https:\/\/www.edelweiss-lech.at\/en\/ratings\/#breadcrumb\",\"itemListElement\":[{\"@type\":\"ListItem\",\"position\":1,\"name\":\"Home\",\"item\":\"https:\/\/www.edelweiss-lech.at\/en\/\"},{\"@type\":\"ListItem\",\"position\":2,\"name\":\"Ratings\"}]},{\"@type\":\"WebSite\",\"@id\":\"https:\/\/www.edelweiss-lech.at\/#website\",\"url\":\"https:\/\/www.edelweiss-lech.at\/\",\"name\":\"Hotel Lech am Arlberg\",\"description\":\"3-star bed &amp; breakfast Hotel Edelweiss\",\"potentialAction\":[{\"@type\":\"SearchAction\",\"target\":{\"@type\":\"EntryPoint\",\"urlTemplate\":\"https:\/\/www.edelweiss-lech.at\/?s={search_term_string}\"},\"query-input\":\"required name=search_term_string\"}],\"inLanguage\":\"en-US\"}]}<\/script>\n<!-- \/ Yoast SEO plugin. -->","yoast_head_json":{"title":"Ratings Hotel Garni Edelweiss Lech","description":"Read the latest guest ratings on Tripadvisor. This is what holiday guests think about the three-star Hotel Garni Edelweiss.","robots":{"index":"index","follow":"follow","max-snippet":"max-snippet:-1","max-image-preview":"max-image-preview:large","max-video-preview":"max-video-preview:-1"},"canonical":"https:\/\/www.edelweiss-lech.at\/en\/ratings\/","og_locale":"en_US","og_type":"article","og_title":"Ratings Hotel Garni Edelweiss Lech","og_description":"Read the latest guest ratings on Tripadvisor. This is what holiday guests think about the three-star Hotel Garni Edelweiss.","og_url":"https:\/\/www.edelweiss-lech.at\/en\/ratings\/","og_site_name":"Hotel Lech am Arlberg","article_modified_time":"2022-11-04T13:52:56+00:00","twitter_card":"summary_large_image","twitter_misc":{"Est. reading time":"5 minutes"},"schema":{"@context":"https:\/\/schema.org","@graph":[{"@type":"WebPage","@id":"https:\/\/www.edelweiss-lech.at\/en\/ratings\/","url":"https:\/\/www.edelweiss-lech.at\/en\/ratings\/","name":"Ratings Hotel Garni Edelweiss Lech","isPartOf":{"@id":"https:\/\/www.edelweiss-lech.at\/#website"},"datePublished":"2015-08-26T12:00:53+00:00","dateModified":"2022-11-04T13:52:56+00:00","description":"Read the latest guest ratings on Tripadvisor. This is what holiday guests think about the three-star Hotel Garni Edelweiss.","breadcrumb":{"@id":"https:\/\/www.edelweiss-lech.at\/en\/ratings\/#breadcrumb"},"inLanguage":"en-US","potentialAction":[{"@type":"ReadAction","target":["https:\/\/www.edelweiss-lech.at\/en\/ratings\/"]}]},{"@type":"BreadcrumbList","@id":"https:\/\/www.edelweiss-lech.at\/en\/ratings\/#breadcrumb","itemListElement":[{"@type":"ListItem","position":1,"name":"Home","item":"https:\/\/www.edelweiss-lech.at\/en\/"},{"@type":"ListItem","position":2,"name":"Ratings"}]},{"@type":"WebSite","@id":"https:\/\/www.edelweiss-lech.at\/#website","url":"https:\/\/www.edelweiss-lech.at\/","name":"Hotel Lech am Arlberg","description":"3-star bed &amp; breakfast Hotel Edelweiss","potentialAction":[{"@type":"SearchAction","target":{"@type":"EntryPoint","urlTemplate":"https:\/\/www.edelweiss-lech.at\/?s={search_term_string}"},"query-input":"required name=search_term_string"}],"inLanguage":"en-US"}]}},"_links":{"self":[{"href":"https:\/\/www.edelweiss-lech.at\/en\/wp-json\/wp\/v2\/pages\/769"}],"collection":[{"href":"https:\/\/www.edelweiss-lech.at\/en\/wp-json\/wp\/v2\/pages"}],"about":[{"href":"https:\/\/www.edelweiss-lech.at\/en\/wp-json\/wp\/v2\/types\/page"}],"author":[{"embeddable":true,"href":"https:\/\/www.edelweiss-lech.at\/en\/wp-json\/wp\/v2\/users\/6"}],"replies":[{"embeddable":true,"href":"https:\/\/www.edelweiss-lech.at\/en\/wp-json\/wp\/v2\/comments?post=769"}],"version-history":[{"count":0,"href":"https:\/\/www.edelweiss-lech.at\/en\/wp-json\/wp\/v2\/pages\/769\/revisions"}],"wp:attachment":[{"href":"https:\/\/www.edelweiss-lech.at\/en\/wp-json\/wp\/v2\/media?parent=769"}],"curies":[{"name":"wp","href":"https:\/\/api.w.org\/{rel}","templated":true}]}}